{"id":13127,"date":"2024-06-07T13:49:17","date_gmt":"2024-06-07T11:49:17","guid":{"rendered":"https:\/\/staging2.hameaudeletoile.com\/?page_id=13127"},"modified":"2024-09-30T08:43:42","modified_gmt":"2024-09-30T06:43:42","slug":"sitemap","status":"publish","type":"page","link":"https:\/\/hameaudeletoile.com\/en\/plan-du-site\/","title":{"rendered":"Sitemap"},"content":{"rendered":"<style>.kb-row-layout-wrap.wp-block-kadence-rowlayout.kb-row-layout-id13127_de5a2a-82{margin-bottom:0px;}.kb-row-layout-id13127_de5a2a-82 > .kt-row-column-wrap{align-content:start;}:where(.kb-row-layout-id13127_de5a2a-82 > .kt-row-column-wrap) > .wp-block-kadence-column{justify-content:start;}.kb-row-layout-id13127_de5a2a-82 > .kt-row-column-wrap{column-gap:var(--global-kb-gap-md, 2rem);row-gap:var(--global-kb-gap-md, 2rem);max-width:700px;margin-left:auto;margin-right:auto;padding-top:200px;padding-bottom:100px;grid-template-columns:minmax(0, 1fr);}.kb-row-layout-id13127_de5a2a-82{background-image:url('https:\/\/hameaudeletoile.com\/wp-content\/uploads\/2024\/02\/DJI_0695-scaled.jpg');background-size:cover;background-position:center center;background-attachment:scroll;background-repeat:no-repeat;}.kb-row-layout-id13127_de5a2a-82 > .kt-row-layout-overlay{opacity:0.60;background-color:var(--global-palette3, #1A202C);mix-blend-mode:normal;}@media all and (max-width: 1024px){.kb-row-layout-id13127_de5a2a-82 > .kt-row-column-wrap{padding-top:100px;padding-bottom:100px;grid-template-columns:minmax(0, 1fr);}}@media all and (max-width: 767px){.kb-row-layout-id13127_de5a2a-82 > .kt-row-column-wrap{padding-top:80px;padding-bottom:80px;grid-template-columns:minmax(0, 1fr);}}<\/style><div class=\"kb-row-layout-wrap kb-row-layout-id13127_de5a2a-82 alignnone kt-row-has-bg wp-block-kadence-rowlayout\"><div class=\"kt-row-layout-overlay kt-row-overlay-normal\"><\/div><div class=\"kt-row-column-wrap kt-has-1-columns kt-row-layout-equal kt-tab-layout-inherit kt-mobile-layout-row kt-row-valign-top\">\n<style>.kadence-column13127_0ec3bc-66 > .kt-inside-inner-col,.kadence-column13127_0ec3bc-66 > .kt-inside-inner-col:before{border-top-left-radius:0px;border-top-right-radius:0px;border-bottom-right-radius:0px;border-bottom-left-radius:0px;}.kadence-column13127_0ec3bc-66 > .kt-inside-inner-col{column-gap:var(--global-kb-gap-sm, 1rem);}.kadence-column13127_0ec3bc-66 > .kt-inside-inner-col{flex-direction:column;}.kadence-column13127_0ec3bc-66 > .kt-inside-inner-col > .aligncenter{width:100%;}.kadence-column13127_0ec3bc-66 > .kt-inside-inner-col:before{opacity:0.3;}.kadence-column13127_0ec3bc-66{position:relative;}@media all and (max-width: 1024px){.kadence-column13127_0ec3bc-66 > .kt-inside-inner-col{flex-direction:column;justify-content:center;}}@media all and (max-width: 767px){.kadence-column13127_0ec3bc-66 > .kt-inside-inner-col{flex-direction:column;justify-content:center;}}<\/style>\n<div class=\"wp-block-kadence-column kadence-column13127_0ec3bc-66\"><div class=\"kt-inside-inner-col\"><style>.wp-block-kadence-advancedheading.kt-adv-heading13127_371d01-62, .wp-block-kadence-advancedheading.kt-adv-heading13127_371d01-62[data-kb-block=\"kb-adv-heading13127_371d01-62\"]{text-align:center;font-size:46px;font-style:normal;}.wp-block-kadence-advancedheading.kt-adv-heading13127_371d01-62 mark.kt-highlight, .wp-block-kadence-advancedheading.kt-adv-heading13127_371d01-62[data-kb-block=\"kb-adv-heading13127_371d01-62\"] mark.kt-highlight{font-style:normal;color:#f76a0c;-webkit-box-decoration-break:clone;box-decoration-break:clone;padding-top:0px;padding-right:0px;padding-bottom:0px;padding-left:0px;}.wp-block-kadence-advancedheading.kt-adv-heading13127_371d01-62 img.kb-inline-image, .wp-block-kadence-advancedheading.kt-adv-heading13127_371d01-62[data-kb-block=\"kb-adv-heading13127_371d01-62\"] img.kb-inline-image{width:150px;vertical-align:baseline;}@media all and (max-width: 767px){.wp-block-kadence-advancedheading.kt-adv-heading13127_371d01-62, .wp-block-kadence-advancedheading.kt-adv-heading13127_371d01-62[data-kb-block=\"kb-adv-heading13127_371d01-62\"]{font-size:30px;}}<\/style>\n<h1 class=\"kt-adv-heading13127_371d01-62 wp-block-kadence-advancedheading has-theme-palette-9-color has-text-color\" data-kb-block=\"kb-adv-heading13127_371d01-62\">Plan Du Site<\/h1>\n<\/div><\/div>\n\n<\/div><\/div>\n\n<style>.kb-row-layout-id13127_59bc9b-95 > .kt-row-column-wrap{align-content:start;}:where(.kb-row-layout-id13127_59bc9b-95 > .kt-row-column-wrap) > .wp-block-kadence-column{justify-content:start;}.kb-row-layout-id13127_59bc9b-95 > .kt-row-column-wrap{column-gap:var(--global-kb-gap-md, 2rem);row-gap:var(--global-kb-gap-md, 2rem);max-width:var( --global-content-width, 1290px );padding-left:var(--global-content-edge-padding);padding-right:var(--global-content-edge-padding);padding-top:80px;padding-bottom:80px;grid-template-columns:minmax(0, 1fr);}.kb-row-layout-id13127_59bc9b-95 > .kt-row-layout-overlay{opacity:0.30;}@media all and (max-width: 1024px){.kb-row-layout-id13127_59bc9b-95 > .kt-row-column-wrap{grid-template-columns:minmax(0, 1fr);}}@media all and (max-width: 767px){.kb-row-layout-id13127_59bc9b-95 > .kt-row-column-wrap{grid-template-columns:minmax(0, 1fr);}}<\/style><div class=\"kb-row-layout-wrap kb-row-layout-id13127_59bc9b-95 alignnone wp-block-kadence-rowlayout\"><div class=\"kt-row-column-wrap kt-has-1-columns kt-row-layout-equal kt-tab-layout-inherit kt-mobile-layout-row kt-row-valign-top kb-theme-content-width\">\n<style>.kadence-column13127_8995fd-70 > .kt-inside-inner-col,.kadence-column13127_8995fd-70 > .kt-inside-inner-col:before{border-top-left-radius:0px;border-top-right-radius:0px;border-bottom-right-radius:0px;border-bottom-left-radius:0px;}.kadence-column13127_8995fd-70 > .kt-inside-inner-col{column-gap:var(--global-kb-gap-sm, 1rem);}.kadence-column13127_8995fd-70 > .kt-inside-inner-col{flex-direction:column;}.kadence-column13127_8995fd-70 > .kt-inside-inner-col > .aligncenter{width:100%;}.kadence-column13127_8995fd-70 > .kt-inside-inner-col:before{opacity:0.3;}.kadence-column13127_8995fd-70{position:relative;}@media all and (max-width: 1024px){.kadence-column13127_8995fd-70 > .kt-inside-inner-col{flex-direction:column;justify-content:center;}}@media all and (max-width: 767px){.kadence-column13127_8995fd-70 > .kt-inside-inner-col{flex-direction:column;justify-content:center;}}<\/style>\n<div class=\"wp-block-kadence-column kadence-column13127_8995fd-70\"><div class=\"kt-inside-inner-col\"><div class=\"rank-math-html-sitemap\"><div class=\"rank-math-html-sitemap__section rank-math-html-sitemap__section--post-type rank-math-html-sitemap__section--page\"><h2 class=\"rank-math-html-sitemap__title\">Pages<\/h2><ul class=\"rank-math-html-sitemap__list\"><li class=\"rank-math-html-sitemap__item\"><a href=\"https:\/\/hameaudeletoile.com\/en\/access\/\" class=\"rank-math-html-sitemap__link\">Acc\u00e8s<\/a><\/li><li class=\"rank-math-html-sitemap__item\"><a href=\"https:\/\/hameaudeletoile.com\/en\/activities\/\" class=\"rank-math-html-sitemap__link\">Activit\u00e9s<\/a><\/li><li class=\"rank-math-html-sitemap__item\"><a href=\"https:\/\/hameaudeletoile.com\/en\/partner-activities\/\" class=\"rank-math-html-sitemap__link\">Activit\u00e9s Partenaires<\/a><ul class=\"rank-math-html-sitemap__list\"><li class=\"rank-math-html-sitemap__item\"><a href=\"https:\/\/hameaudeletoile.com\/en\/partner-activities\/outdoor-adventure\/\" class=\"rank-math-html-sitemap__link\">Aventure Outdoor<\/a><\/li><li class=\"rank-math-html-sitemap__item\"><a href=\"https:\/\/hameaudeletoile.com\/en\/partner-activities\/well-being\/\" class=\"rank-math-html-sitemap__link\">Bien \u00catre<\/a><\/li><li class=\"rank-math-html-sitemap__item\"><a href=\"https:\/\/hameaudeletoile.com\/en\/partner-activities\/team-building\/\" class=\"rank-math-html-sitemap__link\">Team Building<\/a><\/li><\/ul><\/li><li class=\"rank-math-html-sitemap__item\"><a href=\"https:\/\/hameaudeletoile.com\/en\/arts-culture\/\" class=\"rank-math-html-sitemap__link\">Arts &amp; Culture<\/a><\/li><li class=\"rank-math-html-sitemap__item\"><a href=\"https:\/\/hameaudeletoile.com\/en\/well-being-vitality\/\" class=\"rank-math-html-sitemap__link\">Bien-\u00catre &amp; Vitalit\u00e9<\/a><\/li><li class=\"rank-math-html-sitemap__item\"><a href=\"https:\/\/hameaudeletoile.com\/en\/blog\/\" class=\"rank-math-html-sitemap__link\">Blog<\/a><\/li><li class=\"rank-math-html-sitemap__item\"><a href=\"https:\/\/hameaudeletoile.com\/en\/vacancies\/\" class=\"rank-math-html-sitemap__link\">Carri\u00e8re<\/a><\/li><li class=\"rank-math-html-sitemap__item\"><a href=\"https:\/\/hameaudeletoile.com\/en\/code-of-ethics\/\" class=\"rank-math-html-sitemap__link\">Charte De D\u00e9ontologie<\/a><\/li><li class=\"rank-math-html-sitemap__item\"><a href=\"https:\/\/hameaudeletoile.com\/en\/general-terms-and-conditions-of-sale\/\" class=\"rank-math-html-sitemap__link\">Conditions G\u00e9n\u00e9rales de Vente<\/a><\/li><li class=\"rank-math-html-sitemap__item\"><a href=\"https:\/\/hameaudeletoile.com\/en\/contact-us\/\" class=\"rank-math-html-sitemap__link\">Contact<\/a><\/li><li class=\"rank-math-html-sitemap__item\"><a href=\"https:\/\/hameaudeletoile.com\/en\/personal-development\/\" class=\"rank-math-html-sitemap__link\">D\u00e9veloppement Personnel<\/a><\/li><li class=\"rank-math-html-sitemap__item\"><a href=\"https:\/\/hameaudeletoile.com\/en\/quotes-reservations\/\" class=\"rank-math-html-sitemap__link\">Devis &amp; R\u00e9servations<\/a><\/li><li class=\"rank-math-html-sitemap__item\"><a href=\"https:\/\/hameaudeletoile.com\/en\/faq\/\" class=\"rank-math-html-sitemap__link\">FAQ<\/a><\/li><li class=\"rank-math-html-sitemap__item\"><a href=\"https:\/\/hameaudeletoile.com\/en\/festivals-and-events\/\" class=\"rank-math-html-sitemap__link\">Festivals &amp; \u00c9v\u00e8nements Sp\u00e9ciaux<\/a><\/li><li class=\"rank-math-html-sitemap__item\"><a href=\"https:\/\/hameaudeletoile.com\/en\/photo-gallery\/\" class=\"rank-math-html-sitemap__link\">Galerie Photos<\/a><\/li><li class=\"rank-math-html-sitemap__item\"><a href=\"https:\/\/hameaudeletoile.com\/en\/accommodations\/\" class=\"rank-math-html-sitemap__link\">H\u00e9bergements<\/a><\/li><li class=\"rank-math-html-sitemap__item\"><a href=\"https:\/\/hameaudeletoile.com\/en\/legal-notice\/\" class=\"rank-math-html-sitemap__link\">Mention L\u00e9gales<\/a><\/li><li class=\"rank-math-html-sitemap__item\"><a href=\"https:\/\/hameaudeletoile.com\/en\/our-history-and-our-commitments\/\" class=\"rank-math-html-sitemap__link\">Notre Histoire &amp; Engagements<\/a><\/li><li class=\"rank-math-html-sitemap__item\"><a href=\"https:\/\/hameaudeletoile.com\/en\/organising-your-workshop\/\" class=\"rank-math-html-sitemap__link\">Organiser Votre Rencontre<\/a><\/li><li class=\"rank-math-html-sitemap__item\"><a href=\"https:\/\/hameaudeletoile.com\/en\/\" class=\"rank-math-html-sitemap__link\">Page d&#039;accueil<\/a><\/li><li class=\"rank-math-html-sitemap__item\"><a href=\"https:\/\/hameaudeletoile.com\/en\/sitemap\/\" class=\"rank-math-html-sitemap__link\">Plan Du Site<\/a><\/li><li class=\"rank-math-html-sitemap__item\"><a href=\"https:\/\/hameaudeletoile.com\/en\/privacy-policy\/\" class=\"rank-math-html-sitemap__link\">Politique De Confidentialit\u00e9<\/a><\/li><li class=\"rank-math-html-sitemap__item\"><a href=\"https:\/\/hameaudeletoile.com\/en\/workshop-calendar\/\" class=\"rank-math-html-sitemap__link\">Programme<\/a><\/li><li class=\"rank-math-html-sitemap__item\"><a href=\"https:\/\/hameaudeletoile.com\/en\/restaurant\/\" class=\"rank-math-html-sitemap__link\">Restaurant<\/a><\/li><li class=\"rank-math-html-sitemap__item\"><a href=\"https:\/\/hameaudeletoile.com\/en\/meetings-and-seminars\/\" class=\"rank-math-html-sitemap__link\">R\u00e9union &amp; S\u00e9minaires<\/a><\/li><li class=\"rank-math-html-sitemap__item\"><a href=\"https:\/\/hameaudeletoile.com\/en\/rooms\/\" class=\"rank-math-html-sitemap__link\">Salles<\/a><\/li><li class=\"rank-math-html-sitemap__item\"><a href=\"https:\/\/hameaudeletoile.com\/en\/trade-shows-and-events\/\" class=\"rank-math-html-sitemap__link\">Salons Et \u00c9v\u00e8nements<\/a><\/li><li class=\"rank-math-html-sitemap__item\"><a href=\"https:\/\/hameaudeletoile.com\/en\/testimonials\/\" class=\"rank-math-html-sitemap__link\">T\u00e9moignages<\/a><\/li><\/ul><\/div><\/div>\n<\/div><\/div>\n\n<\/div><\/div>","protected":false},"excerpt":{"rendered":"<p>Sitemap<\/p>","protected":false},"author":11,"featured_media":27299,"parent":0,"menu_order":0,"comment_status":"closed","ping_status":"closed","template":"","meta":{"_acf_changed":false,"_kad_blocks_custom_css":"","_kad_blocks_head_custom_js":"","_kad_blocks_body_custom_js":"","_kad_blocks_footer_custom_js":"","_kadence_starter_templates_imported_post":false,"_kad_post_transparent":"","_kad_post_title":"","_kad_post_layout":"","_kad_post_sidebar_id":"","_kad_post_content_style":"","_kad_post_vertical_padding":"","_kad_post_feature":"","_kad_post_feature_position":"","_kad_post_header":false,"_kad_post_footer":false,"_kad_post_classname":"","footnotes":""},"class_list":["post-13127","page","type-page","status-publish","has-post-thumbnail","hentry"],"acf":[],"taxonomy_info":[],"featured_image_src_large":["https:\/\/hameaudeletoile.com\/wp-content\/uploads\/2024\/06\/Lenvironement-Hameau-De-LEtoile-1-1024x576.webp",1024,576,true],"author_info":{"display_name":"wayne@flap-jack.fr","author_link":"https:\/\/hameaudeletoile.com\/en\/author\/wayneflap-jack-fr\/"},"comment_info":0,"_links":{"self":[{"href":"https:\/\/hameaudeletoile.com\/en\/wp-json\/wp\/v2\/pages\/13127","targetHints":{"allow":["GET"]}}],"collection":[{"href":"https:\/\/hameaudeletoile.com\/en\/wp-json\/wp\/v2\/pages"}],"about":[{"href":"https:\/\/hameaudeletoile.com\/en\/wp-json\/wp\/v2\/types\/page"}],"author":[{"embeddable":true,"href":"https:\/\/hameaudeletoile.com\/en\/wp-json\/wp\/v2\/users\/11"}],"replies":[{"embeddable":true,"href":"https:\/\/hameaudeletoile.com\/en\/wp-json\/wp\/v2\/comments?post=13127"}],"version-history":[{"count":4,"href":"https:\/\/hameaudeletoile.com\/en\/wp-json\/wp\/v2\/pages\/13127\/revisions"}],"predecessor-version":[{"id":30999,"href":"https:\/\/hameaudeletoile.com\/en\/wp-json\/wp\/v2\/pages\/13127\/revisions\/30999"}],"wp:featuredmedia":[{"embeddable":true,"href":"https:\/\/hameaudeletoile.com\/en\/wp-json\/wp\/v2\/media\/27299"}],"wp:attachment":[{"href":"https:\/\/hameaudeletoile.com\/en\/wp-json\/wp\/v2\/media?parent=13127"}],"curies":[{"name":"wp","href":"https:\/\/api.w.org\/{rel}","templated":true}]}}