{"id":13051,"date":"2024-06-07T09:55:30","date_gmt":"2024-06-07T07:55:30","guid":{"rendered":"https:\/\/staging2.hameaudeletoile.com\/?page_id=13051"},"modified":"2024-09-30T08:37:43","modified_gmt":"2024-09-30T06:37:43","slug":"legal-notice","status":"publish","type":"page","link":"https:\/\/hameaudeletoile.com\/en\/mention-legales\/","title":{"rendered":"Legal Notice"},"content":{"rendered":"<style>.kb-row-layout-id13051_ba4eb2-06 > .kt-row-column-wrap{align-content:start;}:where(.kb-row-layout-id13051_ba4eb2-06 > .kt-row-column-wrap) > .wp-block-kadence-column{justify-content:start;}.kb-row-layout-id13051_ba4eb2-06 > .kt-row-column-wrap{column-gap:var(--global-kb-gap-md, 2rem);row-gap:var(--global-kb-gap-md, 2rem);max-width:700px;margin-left:auto;margin-right:auto;padding-top:200px;padding-bottom:100px;grid-template-columns:minmax(0, 1fr);}.kb-row-layout-id13051_ba4eb2-06{background-image:url('https:\/\/hameaudeletoile.com\/wp-content\/uploads\/2024\/02\/DJI_0695-scaled.jpg');background-size:cover;background-position:center center;background-attachment:scroll;background-repeat:no-repeat;}.kb-row-layout-id13051_ba4eb2-06 > .kt-row-layout-overlay{opacity:0.60;background-color:var(--global-palette3, #1A202C);mix-blend-mode:normal;}@media all and (max-width: 1024px){.kb-row-layout-id13051_ba4eb2-06 > .kt-row-column-wrap{padding-top:100px;padding-bottom:100px;grid-template-columns:minmax(0, 1fr);}}@media all and (max-width: 767px){.kb-row-layout-id13051_ba4eb2-06 > .kt-row-column-wrap{padding-top:80px;padding-bottom:80px;grid-template-columns:minmax(0, 1fr);}}<\/style><div class=\"kb-row-layout-wrap kb-row-layout-id13051_ba4eb2-06 alignnone kt-row-has-bg wp-block-kadence-rowlayout\"><div class=\"kt-row-layout-overlay kt-row-overlay-normal\"><\/div><div class=\"kt-row-column-wrap kt-has-1-columns kt-row-layout-equal kt-tab-layout-inherit kt-mobile-layout-row kt-row-valign-top\">\n<style>.kadence-column13051_a7fe75-a7 > .kt-inside-inner-col,.kadence-column13051_a7fe75-a7 > .kt-inside-inner-col:before{border-top-left-radius:0px;border-top-right-radius:0px;border-bottom-right-radius:0px;border-bottom-left-radius:0px;}.kadence-column13051_a7fe75-a7 > .kt-inside-inner-col{column-gap:var(--global-kb-gap-sm, 1rem);}.kadence-column13051_a7fe75-a7 > .kt-inside-inner-col{flex-direction:column;}.kadence-column13051_a7fe75-a7 > .kt-inside-inner-col > .aligncenter{width:100%;}.kadence-column13051_a7fe75-a7 > .kt-inside-inner-col:before{opacity:0.3;}.kadence-column13051_a7fe75-a7{position:relative;}@media all and (max-width: 1024px){.kadence-column13051_a7fe75-a7 > .kt-inside-inner-col{flex-direction:column;justify-content:center;}}@media all and (max-width: 767px){.kadence-column13051_a7fe75-a7 > .kt-inside-inner-col{flex-direction:column;justify-content:center;}}<\/style>\n<div class=\"wp-block-kadence-column kadence-column13051_a7fe75-a7\"><div class=\"kt-inside-inner-col\"><style>.wp-block-kadence-advancedheading.kt-adv-heading13051_65e136-9d, .wp-block-kadence-advancedheading.kt-adv-heading13051_65e136-9d[data-kb-block=\"kb-adv-heading13051_65e136-9d\"]{text-align:center;font-size:46px;font-style:normal;}.wp-block-kadence-advancedheading.kt-adv-heading13051_65e136-9d mark.kt-highlight, .wp-block-kadence-advancedheading.kt-adv-heading13051_65e136-9d[data-kb-block=\"kb-adv-heading13051_65e136-9d\"] mark.kt-highlight{font-style:normal;color:#f76a0c;-webkit-box-decoration-break:clone;box-decoration-break:clone;padding-top:0px;padding-right:0px;padding-bottom:0px;padding-left:0px;}.wp-block-kadence-advancedheading.kt-adv-heading13051_65e136-9d img.kb-inline-image, .wp-block-kadence-advancedheading.kt-adv-heading13051_65e136-9d[data-kb-block=\"kb-adv-heading13051_65e136-9d\"] img.kb-inline-image{width:150px;vertical-align:baseline;}@media all and (max-width: 767px){.wp-block-kadence-advancedheading.kt-adv-heading13051_65e136-9d, .wp-block-kadence-advancedheading.kt-adv-heading13051_65e136-9d[data-kb-block=\"kb-adv-heading13051_65e136-9d\"]{font-size:30px;}}<\/style>\n<h1 class=\"kt-adv-heading13051_65e136-9d wp-block-kadence-advancedheading has-theme-palette-9-color has-text-color\" data-kb-block=\"kb-adv-heading13051_65e136-9d\">Mention L\u00e9gales<\/h1>\n<\/div><\/div>\n\n<\/div><\/div>\n\n<style>.kb-row-layout-id13051_d66780-34 > .kt-row-column-wrap{align-content:start;}:where(.kb-row-layout-id13051_d66780-34 > .kt-row-column-wrap) > .wp-block-kadence-column{justify-content:start;}.kb-row-layout-id13051_d66780-34 > .kt-row-column-wrap{column-gap:var(--global-kb-gap-md, 2rem);row-gap:var(--global-kb-gap-md, 2rem);max-width:var( --global-content-width, 1290px );padding-left:var(--global-content-edge-padding);padding-right:var(--global-content-edge-padding);padding-top:80px;padding-bottom:80px;grid-template-columns:minmax(0, 1fr);}.kb-row-layout-id13051_d66780-34 > .kt-row-layout-overlay{opacity:0.30;}@media all and (max-width: 1024px){.kb-row-layout-id13051_d66780-34 > .kt-row-column-wrap{grid-template-columns:minmax(0, 1fr);}}@media all and (max-width: 767px){.kb-row-layout-id13051_d66780-34 > .kt-row-column-wrap{grid-template-columns:minmax(0, 1fr);}}<\/style><div class=\"kb-row-layout-wrap kb-row-layout-id13051_d66780-34 alignnone wp-block-kadence-rowlayout\"><div class=\"kt-row-column-wrap kt-has-1-columns kt-row-layout-equal kt-tab-layout-inherit kt-mobile-layout-row kt-row-valign-top kb-theme-content-width\">\n<style>.kadence-column13051_6ce3be-c5 > .kt-inside-inner-col,.kadence-column13051_6ce3be-c5 > .kt-inside-inner-col:before{border-top-left-radius:0px;border-top-right-radius:0px;border-bottom-right-radius:0px;border-bottom-left-radius:0px;}.kadence-column13051_6ce3be-c5 > .kt-inside-inner-col{column-gap:var(--global-kb-gap-sm, 1rem);}.kadence-column13051_6ce3be-c5 > .kt-inside-inner-col{flex-direction:column;}.kadence-column13051_6ce3be-c5 > .kt-inside-inner-col > .aligncenter{width:100%;}.kadence-column13051_6ce3be-c5 > .kt-inside-inner-col:before{opacity:0.3;}.kadence-column13051_6ce3be-c5{position:relative;}@media all and (max-width: 1024px){.kadence-column13051_6ce3be-c5 > .kt-inside-inner-col{flex-direction:column;justify-content:center;}}@media all and (max-width: 767px){.kadence-column13051_6ce3be-c5 > .kt-inside-inner-col{flex-direction:column;justify-content:center;}}<\/style>\n<div class=\"wp-block-kadence-column kadence-column13051_6ce3be-c5\"><div class=\"kt-inside-inner-col\"><style>.wp-block-kadence-advancedheading.kt-adv-heading13051_c2626a-70, .wp-block-kadence-advancedheading.kt-adv-heading13051_c2626a-70[data-kb-block=\"kb-adv-heading13051_c2626a-70\"]{font-style:normal;}.wp-block-kadence-advancedheading.kt-adv-heading13051_c2626a-70 mark.kt-highlight, .wp-block-kadence-advancedheading.kt-adv-heading13051_c2626a-70[data-kb-block=\"kb-adv-heading13051_c2626a-70\"] mark.kt-highlight{font-style:normal;color:#f76a0c;-webkit-box-decoration-break:clone;box-decoration-break:clone;padding-top:0px;padding-right:0px;padding-bottom:0px;padding-left:0px;}.wp-block-kadence-advancedheading.kt-adv-heading13051_c2626a-70 img.kb-inline-image, .wp-block-kadence-advancedheading.kt-adv-heading13051_c2626a-70[data-kb-block=\"kb-adv-heading13051_c2626a-70\"] img.kb-inline-image{width:150px;vertical-align:baseline;}<\/style>\n<p class=\"kt-adv-heading13051_c2626a-70 wp-block-kadence-advancedheading\" data-kb-block=\"kb-adv-heading13051_c2626a-70\">Derni\u00e8re modification: 7\/06\/2024<\/p>\n\n\n<style>.wp-block-kadence-advancedheading.kt-adv-heading13051_9fcb77-2a, .wp-block-kadence-advancedheading.kt-adv-heading13051_9fcb77-2a[data-kb-block=\"kb-adv-heading13051_9fcb77-2a\"]{font-style:normal;}.wp-block-kadence-advancedheading.kt-adv-heading13051_9fcb77-2a mark.kt-highlight, .wp-block-kadence-advancedheading.kt-adv-heading13051_9fcb77-2a[data-kb-block=\"kb-adv-heading13051_9fcb77-2a\"] mark.kt-highlight{font-style:normal;color:#f76a0c;-webkit-box-decoration-break:clone;box-decoration-break:clone;padding-top:0px;padding-right:0px;padding-bottom:0px;padding-left:0px;}.wp-block-kadence-advancedheading.kt-adv-heading13051_9fcb77-2a img.kb-inline-image, .wp-block-kadence-advancedheading.kt-adv-heading13051_9fcb77-2a[data-kb-block=\"kb-adv-heading13051_9fcb77-2a\"] img.kb-inline-image{width:150px;vertical-align:baseline;}<\/style>\n<p class=\"kt-adv-heading13051_9fcb77-2a wp-block-kadence-advancedheading\" data-kb-block=\"kb-adv-heading13051_9fcb77-2a\">Ce site est \u00e9dit\u00e9 par, Domaine le Hameau de l\u2019\u00e9toile.<\/p>\n\n\n<style>.wp-block-kadence-advancedheading.kt-adv-heading13051_5a0de6-43, .wp-block-kadence-advancedheading.kt-adv-heading13051_5a0de6-43[data-kb-block=\"kb-adv-heading13051_5a0de6-43\"]{font-style:normal;}.wp-block-kadence-advancedheading.kt-adv-heading13051_5a0de6-43 mark.kt-highlight, .wp-block-kadence-advancedheading.kt-adv-heading13051_5a0de6-43[data-kb-block=\"kb-adv-heading13051_5a0de6-43\"] mark.kt-highlight{font-style:normal;color:#f76a0c;-webkit-box-decoration-break:clone;box-decoration-break:clone;padding-top:0px;padding-right:0px;padding-bottom:0px;padding-left:0px;}.wp-block-kadence-advancedheading.kt-adv-heading13051_5a0de6-43 img.kb-inline-image, .wp-block-kadence-advancedheading.kt-adv-heading13051_5a0de6-43[data-kb-block=\"kb-adv-heading13051_5a0de6-43\"] img.kb-inline-image{width:150px;vertical-align:baseline;}<\/style>\n<p class=\"kt-adv-heading13051_5a0de6-43 wp-block-kadence-advancedheading\" data-kb-block=\"kb-adv-heading13051_5a0de6-43\">Sarl au capital de 300 000\u20ac &#8211; RCS Montpellier 520 938 424<br>Siret 520 938 424 00014 \u2013 APE 5510 Z<\/p>\n\n\n<style>.wp-block-kadence-advancedheading.kt-adv-heading13051_9bf883-21, .wp-block-kadence-advancedheading.kt-adv-heading13051_9bf883-21[data-kb-block=\"kb-adv-heading13051_9bf883-21\"]{font-style:normal;}.wp-block-kadence-advancedheading.kt-adv-heading13051_9bf883-21 mark.kt-highlight, .wp-block-kadence-advancedheading.kt-adv-heading13051_9bf883-21[data-kb-block=\"kb-adv-heading13051_9bf883-21\"] mark.kt-highlight{font-style:normal;color:#f76a0c;-webkit-box-decoration-break:clone;box-decoration-break:clone;padding-top:0px;padding-right:0px;padding-bottom:0px;padding-left:0px;}.wp-block-kadence-advancedheading.kt-adv-heading13051_9bf883-21 img.kb-inline-image, .wp-block-kadence-advancedheading.kt-adv-heading13051_9bf883-21[data-kb-block=\"kb-adv-heading13051_9bf883-21\"] img.kb-inline-image{width:150px;vertical-align:baseline;}<\/style>\n<p class=\"kt-adv-heading13051_9bf883-21 wp-block-kadence-advancedheading\" data-kb-block=\"kb-adv-heading13051_9bf883-21\">Tel : 04 67 55 75 73<br>Siteweb: https:\/\/hameaudeletoile.com<br>Email: contact@hameaudeletoile.com<\/p>\n\n\n<style>.wp-block-kadence-advancedheading.kt-adv-heading13051_a05795-9a, .wp-block-kadence-advancedheading.kt-adv-heading13051_a05795-9a[data-kb-block=\"kb-adv-heading13051_a05795-9a\"]{font-style:normal;}.wp-block-kadence-advancedheading.kt-adv-heading13051_a05795-9a mark.kt-highlight, .wp-block-kadence-advancedheading.kt-adv-heading13051_a05795-9a[data-kb-block=\"kb-adv-heading13051_a05795-9a\"] mark.kt-highlight{font-style:normal;color:#f76a0c;-webkit-box-decoration-break:clone;box-decoration-break:clone;padding-top:0px;padding-right:0px;padding-bottom:0px;padding-left:0px;}.wp-block-kadence-advancedheading.kt-adv-heading13051_a05795-9a img.kb-inline-image, .wp-block-kadence-advancedheading.kt-adv-heading13051_a05795-9a[data-kb-block=\"kb-adv-heading13051_a05795-9a\"] img.kb-inline-image{width:150px;vertical-align:baseline;}<\/style>\n<p class=\"kt-adv-heading13051_a05795-9a wp-block-kadence-advancedheading\" data-kb-block=\"kb-adv-heading13051_a05795-9a\">Responsable de la r\u00e9daction : V\u00e9ronique Louis<br>Site h\u00e9berg\u00e9 chez OVH<br>2 rue Kellermann<br>59 100 Roubaix<br>France<\/p>\n<\/div><\/div>\n\n<\/div><\/div>","protected":false},"excerpt":{"rendered":"<p>Mention L\u00e9gales Derni\u00e8re modification: 7\/06\/2024 Ce site est \u00e9dit\u00e9 par, Domaine le Hameau de l\u2019\u00e9toile. Sarl au capital de 300 000\u20ac &#8211; RCS Montpellier 520 938 424Siret 520 938 424 00014 \u2013 APE 5510 Z Tel : 04 67 55 75 73Siteweb: https:\/\/hameaudeletoile.comEmail: contact@hameaudeletoile.com Responsable de la r\u00e9daction : V\u00e9ronique LouisSite h\u00e9berg\u00e9 chez OVH2 rue&#8230;<\/p>","protected":false},"author":11,"featured_media":28206,"parent":0,"menu_order":0,"comment_status":"closed","ping_status":"closed","template":"","meta":{"_acf_changed":false,"_kad_blocks_custom_css":"","_kad_blocks_head_custom_js":"","_kad_blocks_body_custom_js":"","_kad_blocks_footer_custom_js":"","_kadence_starter_templates_imported_post":false,"_kad_post_transparent":"","_kad_post_title":"","_kad_post_layout":"","_kad_post_sidebar_id":"","_kad_post_content_style":"","_kad_post_vertical_padding":"","_kad_post_feature":"","_kad_post_feature_position":"","_kad_post_header":false,"_kad_post_footer":false,"_kad_post_classname":"","footnotes":""},"class_list":["post-13051","page","type-page","status-publish","has-post-thumbnail","hentry"],"acf":[],"taxonomy_info":[],"featured_image_src_large":["https:\/\/hameaudeletoile.com\/wp-content\/uploads\/2024\/06\/Drone-Le-Hameau-de-lEtoile-1024x768.webp",1024,768,true],"author_info":{"display_name":"wayne@flap-jack.fr","author_link":"https:\/\/hameaudeletoile.com\/en\/author\/wayneflap-jack-fr\/"},"comment_info":0,"_links":{"self":[{"href":"https:\/\/hameaudeletoile.com\/en\/wp-json\/wp\/v2\/pages\/13051","targetHints":{"allow":["GET"]}}],"collection":[{"href":"https:\/\/hameaudeletoile.com\/en\/wp-json\/wp\/v2\/pages"}],"about":[{"href":"https:\/\/hameaudeletoile.com\/en\/wp-json\/wp\/v2\/types\/page"}],"author":[{"embeddable":true,"href":"https:\/\/hameaudeletoile.com\/en\/wp-json\/wp\/v2\/users\/11"}],"replies":[{"embeddable":true,"href":"https:\/\/hameaudeletoile.com\/en\/wp-json\/wp\/v2\/comments?post=13051"}],"version-history":[{"count":3,"href":"https:\/\/hameaudeletoile.com\/en\/wp-json\/wp\/v2\/pages\/13051\/revisions"}],"predecessor-version":[{"id":30993,"href":"https:\/\/hameaudeletoile.com\/en\/wp-json\/wp\/v2\/pages\/13051\/revisions\/30993"}],"wp:featuredmedia":[{"embeddable":true,"href":"https:\/\/hameaudeletoile.com\/en\/wp-json\/wp\/v2\/media\/28206"}],"wp:attachment":[{"href":"https:\/\/hameaudeletoile.com\/en\/wp-json\/wp\/v2\/media?parent=13051"}],"curies":[{"name":"wp","href":"https:\/\/api.w.org\/{rel}","templated":true}]}}