{"id":13002,"date":"2024-06-06T13:19:50","date_gmt":"2024-06-06T11:19:50","guid":{"rendered":"https:\/\/staging2.hameaudeletoile.com\/?page_id=13002"},"modified":"2026-04-10T12:33:42","modified_gmt":"2026-04-10T10:33:42","slug":"code-of-ethics","status":"publish","type":"page","link":"https:\/\/hameaudeletoile.com\/en\/charte-de-deontologie\/","title":{"rendered":"Code Of Ethics"},"content":{"rendered":"<style>.kb-row-layout-id13002_2691df-d1 > .kt-row-column-wrap{align-content:start;}:where(.kb-row-layout-id13002_2691df-d1 > .kt-row-column-wrap) > .wp-block-kadence-column{justify-content:start;}.kb-row-layout-id13002_2691df-d1 > .kt-row-column-wrap{column-gap:var(--global-kb-gap-md, 2rem);row-gap:var(--global-kb-gap-md, 2rem);max-width:700px;margin-left:auto;margin-right:auto;padding-top:200px;padding-bottom:100px;grid-template-columns:minmax(0, 1fr);}.kb-row-layout-id13002_2691df-d1{background-image:url('https:\/\/hameaudeletoile.com\/wp-content\/uploads\/2024\/02\/DJI_0695-scaled.jpg');background-size:cover;background-position:center center;background-attachment:scroll;background-repeat:no-repeat;}.kb-row-layout-id13002_2691df-d1 > .kt-row-layout-overlay{opacity:0.60;background-color:var(--global-palette3, #1A202C);mix-blend-mode:normal;}@media all and (max-width: 1024px){.kb-row-layout-id13002_2691df-d1 > .kt-row-column-wrap{padding-top:100px;padding-bottom:100px;grid-template-columns:minmax(0, 1fr);}}@media all and (max-width: 767px){.kb-row-layout-id13002_2691df-d1 > .kt-row-column-wrap{padding-top:80px;padding-bottom:80px;grid-template-columns:minmax(0, 1fr);}}<\/style><div class=\"kb-row-layout-wrap kb-row-layout-id13002_2691df-d1 alignnone kt-row-has-bg wp-block-kadence-rowlayout\"><div class=\"kt-row-layout-overlay kt-row-overlay-normal\"><\/div><div class=\"kt-row-column-wrap kt-has-1-columns kt-row-layout-equal kt-tab-layout-inherit kt-mobile-layout-row kt-row-valign-top\">\n<style>.kadence-column13002_8bcd85-84 > .kt-inside-inner-col,.kadence-column13002_8bcd85-84 > .kt-inside-inner-col:before{border-top-left-radius:0px;border-top-right-radius:0px;border-bottom-right-radius:0px;border-bottom-left-radius:0px;}.kadence-column13002_8bcd85-84 > .kt-inside-inner-col{column-gap:var(--global-kb-gap-sm, 1rem);}.kadence-column13002_8bcd85-84 > .kt-inside-inner-col{flex-direction:column;}.kadence-column13002_8bcd85-84 > .kt-inside-inner-col > .aligncenter{width:100%;}.kadence-column13002_8bcd85-84 > .kt-inside-inner-col:before{opacity:0.3;}.kadence-column13002_8bcd85-84{position:relative;}@media all and (max-width: 1024px){.kadence-column13002_8bcd85-84 > .kt-inside-inner-col{flex-direction:column;justify-content:center;}}@media all and (max-width: 767px){.kadence-column13002_8bcd85-84 > .kt-inside-inner-col{flex-direction:column;justify-content:center;}}<\/style>\n<div class=\"wp-block-kadence-column kadence-column13002_8bcd85-84\"><div class=\"kt-inside-inner-col\"><style>.wp-block-kadence-advancedheading.kt-adv-heading13002_308218-d9, .wp-block-kadence-advancedheading.kt-adv-heading13002_308218-d9[data-kb-block=\"kb-adv-heading13002_308218-d9\"]{text-align:center;font-size:46px;font-style:normal;}.wp-block-kadence-advancedheading.kt-adv-heading13002_308218-d9 mark.kt-highlight, .wp-block-kadence-advancedheading.kt-adv-heading13002_308218-d9[data-kb-block=\"kb-adv-heading13002_308218-d9\"] mark.kt-highlight{font-style:normal;color:#f76a0c;-webkit-box-decoration-break:clone;box-decoration-break:clone;padding-top:0px;padding-right:0px;padding-bottom:0px;padding-left:0px;}.wp-block-kadence-advancedheading.kt-adv-heading13002_308218-d9 img.kb-inline-image, .wp-block-kadence-advancedheading.kt-adv-heading13002_308218-d9[data-kb-block=\"kb-adv-heading13002_308218-d9\"] img.kb-inline-image{width:150px;vertical-align:baseline;}@media all and (max-width: 767px){.wp-block-kadence-advancedheading.kt-adv-heading13002_308218-d9, .wp-block-kadence-advancedheading.kt-adv-heading13002_308218-d9[data-kb-block=\"kb-adv-heading13002_308218-d9\"]{font-size:30px;}}<\/style>\n<h1 class=\"kt-adv-heading13002_308218-d9 wp-block-kadence-advancedheading has-theme-palette-9-color has-text-color\" data-kb-block=\"kb-adv-heading13002_308218-d9\">Charte De D\u00e9ontologie<\/h1>\n\n\n<style>.wp-block-kadence-advancedheading.kt-adv-heading13002_0c3c78-25, .wp-block-kadence-advancedheading.kt-adv-heading13002_0c3c78-25[data-kb-block=\"kb-adv-heading13002_0c3c78-25\"]{margin-bottom:0px;text-align:center;font-style:normal;}.wp-block-kadence-advancedheading.kt-adv-heading13002_0c3c78-25 mark.kt-highlight, .wp-block-kadence-advancedheading.kt-adv-heading13002_0c3c78-25[data-kb-block=\"kb-adv-heading13002_0c3c78-25\"] mark.kt-highlight{font-style:normal;color:#f76a0c;-webkit-box-decoration-break:clone;box-decoration-break:clone;padding-top:0px;padding-right:0px;padding-bottom:0px;padding-left:0px;}.wp-block-kadence-advancedheading.kt-adv-heading13002_0c3c78-25 img.kb-inline-image, .wp-block-kadence-advancedheading.kt-adv-heading13002_0c3c78-25[data-kb-block=\"kb-adv-heading13002_0c3c78-25\"] img.kb-inline-image{width:150px;vertical-align:baseline;}<\/style>\n<p class=\"kt-adv-heading13002_0c3c78-25 wp-block-kadence-advancedheading has-theme-palette-9-color has-text-color\" data-kb-block=\"kb-adv-heading13002_0c3c78-25\">Un engagement du Hameau de l&rsquo;\u00c9toile<\/p>\n\n\n<style>.wp-block-kadence-advancedheading.kt-adv-heading13002_a06775-e7, .wp-block-kadence-advancedheading.kt-adv-heading13002_a06775-e7[data-kb-block=\"kb-adv-heading13002_a06775-e7\"]{text-align:center;font-style:normal;}.wp-block-kadence-advancedheading.kt-adv-heading13002_a06775-e7 mark.kt-highlight, .wp-block-kadence-advancedheading.kt-adv-heading13002_a06775-e7[data-kb-block=\"kb-adv-heading13002_a06775-e7\"] mark.kt-highlight{font-style:normal;color:#f76a0c;-webkit-box-decoration-break:clone;box-decoration-break:clone;padding-top:0px;padding-right:0px;padding-bottom:0px;padding-left:0px;}.wp-block-kadence-advancedheading.kt-adv-heading13002_a06775-e7 img.kb-inline-image, .wp-block-kadence-advancedheading.kt-adv-heading13002_a06775-e7[data-kb-block=\"kb-adv-heading13002_a06775-e7\"] img.kb-inline-image{width:150px;vertical-align:baseline;}<\/style>\n<p class=\"kt-adv-heading13002_a06775-e7 wp-block-kadence-advancedheading has-theme-palette-9-color has-text-color\" data-kb-block=\"kb-adv-heading13002_a06775-e7\"><\/p>\n<\/div><\/div>\n\n<\/div><\/div>\n\n<style>.kb-row-layout-id13002_833a75-a4 > .kt-row-column-wrap{align-content:start;}:where(.kb-row-layout-id13002_833a75-a4 > .kt-row-column-wrap) > .wp-block-kadence-column{justify-content:start;}.kb-row-layout-id13002_833a75-a4 > .kt-row-column-wrap{column-gap:var(--global-kb-gap-md, 2rem);row-gap:var(--global-kb-gap-md, 2rem);max-width:var( --global-content-width, 1290px );padding-left:var(--global-content-edge-padding);padding-right:var(--global-content-edge-padding);padding-top:80px;padding-bottom:80px;grid-template-columns:minmax(0, 1fr);}.kb-row-layout-id13002_833a75-a4 > .kt-row-layout-overlay{opacity:0.30;}@media all and (max-width: 1024px){.kb-row-layout-id13002_833a75-a4 > .kt-row-column-wrap{grid-template-columns:minmax(0, 1fr);}}@media all and (max-width: 767px){.kb-row-layout-id13002_833a75-a4 > .kt-row-column-wrap{grid-template-columns:minmax(0, 1fr);}}<\/style><div class=\"kb-row-layout-wrap kb-row-layout-id13002_833a75-a4 alignnone wp-block-kadence-rowlayout\"><div class=\"kt-row-column-wrap kt-has-1-columns kt-row-layout-equal kt-tab-layout-inherit kt-mobile-layout-row kt-row-valign-top kb-theme-content-width\">\n<style>.kadence-column13002_6a67fe-ad > .kt-inside-inner-col,.kadence-column13002_6a67fe-ad > .kt-inside-inner-col:before{border-top-left-radius:0px;border-top-right-radius:0px;border-bottom-right-radius:0px;border-bottom-left-radius:0px;}.kadence-column13002_6a67fe-ad > .kt-inside-inner-col{column-gap:var(--global-kb-gap-sm, 1rem);}.kadence-column13002_6a67fe-ad > .kt-inside-inner-col{flex-direction:column;}.kadence-column13002_6a67fe-ad > .kt-inside-inner-col > .aligncenter{width:100%;}.kadence-column13002_6a67fe-ad > .kt-inside-inner-col:before{opacity:0.3;}.kadence-column13002_6a67fe-ad{position:relative;}@media all and (max-width: 1024px){.kadence-column13002_6a67fe-ad > .kt-inside-inner-col{flex-direction:column;justify-content:center;}}@media all and (max-width: 767px){.kadence-column13002_6a67fe-ad > .kt-inside-inner-col{flex-direction:column;justify-content:center;}}<\/style>\n<div class=\"wp-block-kadence-column kadence-column13002_6a67fe-ad\"><div class=\"kt-inside-inner-col\"><style>.wp-block-kadence-advancedheading.kt-adv-heading13002_7cecfd-1c, .wp-block-kadence-advancedheading.kt-adv-heading13002_7cecfd-1c[data-kb-block=\"kb-adv-heading13002_7cecfd-1c\"]{text-align:left;font-size:35px;font-style:normal;}.wp-block-kadence-advancedheading.kt-adv-heading13002_7cecfd-1c mark.kt-highlight, .wp-block-kadence-advancedheading.kt-adv-heading13002_7cecfd-1c[data-kb-block=\"kb-adv-heading13002_7cecfd-1c\"] mark.kt-highlight{font-style:normal;color:#f76a0c;-webkit-box-decoration-break:clone;box-decoration-break:clone;padding-top:0px;padding-right:0px;padding-bottom:0px;padding-left:0px;}.wp-block-kadence-advancedheading.kt-adv-heading13002_7cecfd-1c img.kb-inline-image, .wp-block-kadence-advancedheading.kt-adv-heading13002_7cecfd-1c[data-kb-block=\"kb-adv-heading13002_7cecfd-1c\"] img.kb-inline-image{width:150px;vertical-align:baseline;}@media all and (max-width: 767px){.wp-block-kadence-advancedheading.kt-adv-heading13002_7cecfd-1c, .wp-block-kadence-advancedheading.kt-adv-heading13002_7cecfd-1c[data-kb-block=\"kb-adv-heading13002_7cecfd-1c\"]{font-size:var(--global-kb-font-size-lg, 2rem);}}<\/style>\n<h2 class=\"kt-adv-heading13002_7cecfd-1c wp-block-kadence-advancedheading\" data-kb-block=\"kb-adv-heading13002_7cecfd-1c\">\u00ab\u00a0Un lieu ouvert, un cadre exigeant\u00a0\u00bb<\/h2>\n\n\n\n<p>Le Hameau de l&rsquo;\u00c9toile est un lieu de rencontres, de transmission et de cheminement personnel. Depuis plus de 35 ans, nous accueillons des praticiens d&rsquo;horizons vari\u00e9s et des milliers de participants en qu\u00eate de sens, de bien-\u00eatre et de connaissance de soi.<\/p>\n\n\n\n<p>Cette richesse humaine, nous en prenons soin. Elle suppose un cadre clair, des exigences partag\u00e9es et une attention constante \u00e0 la qualit\u00e9 de ce qui se vit ici, entre nos murs comme dans la relation entre intervenants et participants.<\/p>\n\n\n\n<p>C&rsquo;est le sens de notre charte de d\u00e9ontologie. R\u00e9dig\u00e9e et adopt\u00e9e en octobre 2010, elle rassemble en 15 articles les principes qui guident nos choix d&rsquo;accueil et notre mani\u00e8re de travailler avec ceux qui font vivre ce lieu. Elle est le reflet de ce que nous sommes : un espace ouvert, exigeant et vivant.<\/p>\n<\/div><\/div>\n\n<\/div><\/div>\n\n<style>.kb-row-layout-id13002_679ae6-62 > .kt-row-column-wrap{align-content:start;}:where(.kb-row-layout-id13002_679ae6-62 > .kt-row-column-wrap) > .wp-block-kadence-column{justify-content:start;}.kb-row-layout-id13002_679ae6-62 > .kt-row-column-wrap{column-gap:var(--global-kb-gap-md, 2rem);row-gap:var(--global-kb-gap-md, 2rem);max-width:var( --global-content-width, 1290px );padding-left:var(--global-content-edge-padding);padding-right:var(--global-content-edge-padding);padding-top:80px;padding-bottom:80px;grid-template-columns:minmax(0, 1fr);}.kb-row-layout-id13002_679ae6-62 > .kt-row-layout-overlay{opacity:0.48;background-image:url('https:\/\/hameaudeletoile.com\/wp-content\/uploads\/2024\/02\/DJI_0708-scaled.jpg');background-size:cover;background-position:center center;background-attachment:scroll;background-repeat:no-repeat;}@media all and (max-width: 1024px){.kb-row-layout-id13002_679ae6-62 > .kt-row-column-wrap{grid-template-columns:minmax(0, 1fr);}}@media all and (max-width: 767px){.kb-row-layout-id13002_679ae6-62 > .kt-row-column-wrap{grid-template-columns:minmax(0, 1fr);}}<\/style><div class=\"kb-row-layout-wrap kb-row-layout-id13002_679ae6-62 alignfull has-theme-palette3-background-color kt-row-has-bg wp-block-kadence-rowlayout\"><div class=\"kt-row-layout-overlay kt-row-overlay-normal\"><\/div><div class=\"kt-row-column-wrap kt-has-1-columns kt-row-layout-equal kt-tab-layout-inherit kt-mobile-layout-row kt-row-valign-top kb-theme-content-width\">\n<style>.kadence-column13002_89a52b-f0 > .kt-inside-inner-col,.kadence-column13002_89a52b-f0 > .kt-inside-inner-col:before{border-top-left-radius:0px;border-top-right-radius:0px;border-bottom-right-radius:0px;border-bottom-left-radius:0px;}.kadence-column13002_89a52b-f0 > .kt-inside-inner-col{column-gap:var(--global-kb-gap-sm, 1rem);}.kadence-column13002_89a52b-f0 > .kt-inside-inner-col{flex-direction:column;}.kadence-column13002_89a52b-f0 > .kt-inside-inner-col > .aligncenter{width:100%;}.kadence-column13002_89a52b-f0 > .kt-inside-inner-col:before{opacity:0.3;}.kadence-column13002_89a52b-f0{text-align:left;}.kadence-column13002_89a52b-f0{position:relative;}@media all and (max-width: 1024px){.kadence-column13002_89a52b-f0 > .kt-inside-inner-col{flex-direction:column;justify-content:center;}}@media all and (max-width: 767px){.kadence-column13002_89a52b-f0 > .kt-inside-inner-col{flex-direction:column;justify-content:center;}}<\/style>\n<div class=\"wp-block-kadence-column kadence-column13002_89a52b-f0 kb-section-dir-vertical inner-column-1\"><div class=\"kt-inside-inner-col\"><style>.kb-row-layout-id13002_fa1bd6-91 > .kt-row-column-wrap{align-content:start;}:where(.kb-row-layout-id13002_fa1bd6-91 > .kt-row-column-wrap) > .wp-block-kadence-column{justify-content:start;}.kb-row-layout-id13002_fa1bd6-91 > .kt-row-column-wrap{column-gap:var(--global-kb-gap-md, 2rem);row-gap:var(--global-kb-gap-md, 2rem);max-width:744px;margin-left:auto;margin-right:auto;grid-template-columns:minmax(0, 1fr);}.kb-row-layout-id13002_fa1bd6-91 > .kt-row-layout-overlay{opacity:0.30;}@media all and (max-width: 1024px){.kb-row-layout-id13002_fa1bd6-91 > .kt-row-column-wrap{grid-template-columns:minmax(0, 1fr);}}@media all and (max-width: 767px){.kb-row-layout-id13002_fa1bd6-91 > .kt-row-column-wrap{grid-template-columns:minmax(0, 1fr);}}<\/style><div class=\"kb-row-layout-wrap kb-row-layout-id13002_fa1bd6-91 alignnone wp-block-kadence-rowlayout\"><div class=\"kt-row-column-wrap kt-has-1-columns kt-row-layout-equal kt-tab-layout-inherit kt-mobile-layout-row kt-row-valign-top\">\n<style>.kadence-column13002_3c820a-79 > .kt-inside-inner-col,.kadence-column13002_3c820a-79 > .kt-inside-inner-col:before{border-top-left-radius:0px;border-top-right-radius:0px;border-bottom-right-radius:0px;border-bottom-left-radius:0px;}.kadence-column13002_3c820a-79 > .kt-inside-inner-col{column-gap:var(--global-kb-gap-sm, 1rem);}.kadence-column13002_3c820a-79 > .kt-inside-inner-col{flex-direction:column;}.kadence-column13002_3c820a-79 > .kt-inside-inner-col > .aligncenter{width:100%;}.kadence-column13002_3c820a-79 > .kt-inside-inner-col:before{opacity:0.3;}.kadence-column13002_3c820a-79{position:relative;}@media all and (max-width: 1024px){.kadence-column13002_3c820a-79 > .kt-inside-inner-col{flex-direction:column;justify-content:center;}}@media all and (max-width: 767px){.kadence-column13002_3c820a-79 > .kt-inside-inner-col{flex-direction:column;justify-content:center;}}<\/style>\n<div class=\"wp-block-kadence-column kadence-column13002_3c820a-79\"><div class=\"kt-inside-inner-col\"><style>.wp-block-kadence-advancedheading.kt-adv-heading13002_c5569f-cf, .wp-block-kadence-advancedheading.kt-adv-heading13002_c5569f-cf[data-kb-block=\"kb-adv-heading13002_c5569f-cf\"]{margin-top:0px;text-align:center;line-height:1.2em;font-style:normal;}.wp-block-kadence-advancedheading.kt-adv-heading13002_c5569f-cf mark.kt-highlight, .wp-block-kadence-advancedheading.kt-adv-heading13002_c5569f-cf[data-kb-block=\"kb-adv-heading13002_c5569f-cf\"] mark.kt-highlight{font-style:normal;color:#f76a0c;-webkit-box-decoration-break:clone;box-decoration-break:clone;padding-top:0px;padding-right:0px;padding-bottom:0px;padding-left:0px;}.wp-block-kadence-advancedheading.kt-adv-heading13002_c5569f-cf img.kb-inline-image, .wp-block-kadence-advancedheading.kt-adv-heading13002_c5569f-cf[data-kb-block=\"kb-adv-heading13002_c5569f-cf\"] img.kb-inline-image{width:150px;vertical-align:baseline;}@media all and (max-width: 767px){.wp-block-kadence-advancedheading.kt-adv-heading13002_c5569f-cf, .wp-block-kadence-advancedheading.kt-adv-heading13002_c5569f-cf[data-kb-block=\"kb-adv-heading13002_c5569f-cf\"]{font-size:var(--global-kb-font-size-lg, 2rem);}}<\/style>\n<h2 class=\"kt-adv-heading13002_c5569f-cf wp-block-kadence-advancedheading has-theme-palette-9-color has-text-color\" data-kb-block=\"kb-adv-heading13002_c5569f-cf\">T\u00e9l\u00e9charger La Charte<\/h2>\n\n\n<style>.wp-block-kadence-advancedbtn.kb-btns13002_e97f87-00{gap:var(--global-kb-gap-xs, 0.5rem );justify-content:center;align-items:center;}.kt-btns13002_e97f87-00 .kt-button{font-weight:normal;font-style:normal;}.kt-btns13002_e97f87-00 .kt-btn-wrap-0{margin-right:5px;}.wp-block-kadence-advancedbtn.kt-btns13002_e97f87-00 .kt-btn-wrap-0 .kt-button{color:#555555;border-color:#555555;}.wp-block-kadence-advancedbtn.kt-btns13002_e97f87-00 .kt-btn-wrap-0 .kt-button:hover, .wp-block-kadence-advancedbtn.kt-btns13002_e97f87-00 .kt-btn-wrap-0 .kt-button:focus{color:#ffffff;border-color:#444444;}.wp-block-kadence-advancedbtn.kt-btns13002_e97f87-00 .kt-btn-wrap-0 .kt-button::before{display:none;}.wp-block-kadence-advancedbtn.kt-btns13002_e97f87-00 .kt-btn-wrap-0 .kt-button:hover, .wp-block-kadence-advancedbtn.kt-btns13002_e97f87-00 .kt-btn-wrap-0 .kt-button:focus{background:#444444;}<\/style>\n<div class=\"wp-block-kadence-advancedbtn kb-buttons-wrap kb-btns13002_e97f87-00\"><style>ul.menu .wp-block-kadence-advancedbtn .kb-btn13002_4f96ac-60.kb-button{width:initial;}<\/style><a class=\"kb-button kt-button button kb-btn13002_4f96ac-60 kt-btn-size-standard kt-btn-width-type-auto kb-btn-global-fill  kt-btn-has-text-true kt-btn-has-svg-false  wp-block-kadence-singlebtn\" href=\"https:\/\/hameaudeletoile.com\/wp-content\/uploads\/2026\/04\/charte_deontologie_hameau.pdf\" download=\"\"><span class=\"kt-btn-inner-text\">T\u00e9l\u00e9cHArger<\/span><\/a><\/div>\n<\/div><\/div>\n\n<\/div><\/div><\/div><\/div>\n\n<\/div><\/div>","protected":false},"excerpt":{"rendered":"<p>Charte De D\u00e9ontologie Un engagement du Hameau de l&rsquo;\u00c9toile \u00ab\u00a0Un lieu ouvert, un cadre exigeant\u00a0\u00bb Le Hameau de l&rsquo;\u00c9toile est un lieu de rencontres, de transmission et de cheminement personnel. Depuis plus de 35 ans, nous accueillons des praticiens d&rsquo;horizons vari\u00e9s et des milliers de participants en qu\u00eate de sens, de bien-\u00eatre et de connaissance&#8230;<\/p>","protected":false},"author":11,"featured_media":27299,"parent":0,"menu_order":0,"comment_status":"closed","ping_status":"closed","template":"","meta":{"_acf_changed":false,"_kad_blocks_custom_css":"","_kad_blocks_head_custom_js":"","_kad_blocks_body_custom_js":"","_kad_blocks_footer_custom_js":"","_kadence_starter_templates_imported_post":false,"_kad_post_transparent":"","_kad_post_title":"","_kad_post_layout":"","_kad_post_sidebar_id":"","_kad_post_content_style":"","_kad_post_vertical_padding":"","_kad_post_feature":"","_kad_post_feature_position":"","_kad_post_header":false,"_kad_post_footer":false,"_kad_post_classname":"","footnotes":""},"class_list":["post-13002","page","type-page","status-publish","has-post-thumbnail","hentry"],"acf":[],"taxonomy_info":[],"featured_image_src_large":["https:\/\/hameaudeletoile.com\/wp-content\/uploads\/2024\/06\/Lenvironement-Hameau-De-LEtoile-1-1024x576.webp",1024,576,true],"author_info":{"display_name":"wayne@flap-jack.fr","author_link":"https:\/\/hameaudeletoile.com\/en\/author\/wayneflap-jack-fr\/"},"comment_info":0,"_links":{"self":[{"href":"https:\/\/hameaudeletoile.com\/en\/wp-json\/wp\/v2\/pages\/13002","targetHints":{"allow":["GET"]}}],"collection":[{"href":"https:\/\/hameaudeletoile.com\/en\/wp-json\/wp\/v2\/pages"}],"about":[{"href":"https:\/\/hameaudeletoile.com\/en\/wp-json\/wp\/v2\/types\/page"}],"author":[{"embeddable":true,"href":"https:\/\/hameaudeletoile.com\/en\/wp-json\/wp\/v2\/users\/11"}],"replies":[{"embeddable":true,"href":"https:\/\/hameaudeletoile.com\/en\/wp-json\/wp\/v2\/comments?post=13002"}],"version-history":[{"count":17,"href":"https:\/\/hameaudeletoile.com\/en\/wp-json\/wp\/v2\/pages\/13002\/revisions"}],"predecessor-version":[{"id":41973,"href":"https:\/\/hameaudeletoile.com\/en\/wp-json\/wp\/v2\/pages\/13002\/revisions\/41973"}],"wp:featuredmedia":[{"embeddable":true,"href":"https:\/\/hameaudeletoile.com\/en\/wp-json\/wp\/v2\/media\/27299"}],"wp:attachment":[{"href":"https:\/\/hameaudeletoile.com\/en\/wp-json\/wp\/v2\/media?parent=13002"}],"curies":[{"name":"wp","href":"https:\/\/api.w.org\/{rel}","templated":true}]}}